{"id":562,"date":"2023-10-25T11:40:11","date_gmt":"2023-10-25T11:40:11","guid":{"rendered":"https:\/\/nathalia-esperanza.art\/?page_id=562"},"modified":"2025-03-26T22:46:24","modified_gmt":"2025-03-26T22:46:24","slug":"verkooppunten","status":"publish","type":"page","link":"https:\/\/nathalia-esperanza.art\/en\/verkooppunten\/","title":{"rendered":"Verkooppunten"},"content":{"rendered":"<p class=\"has-text-align-center has-white-color has-text-color has-link-color wp-elements-f210768f5be728d54a8859169f8fa4c8\">Wilt u graag \u00e9\u00e9n van mijn werken kopen?<br>Kom dan gerust naar \u00e9\u00e9n van de Verkooppunten of Expo&#8217;s.<br><br>Stuur voor een afspraak een email naar : <a href=\"mailto:nathaliaesperanzabelgium@gmail.com\">nathaliaesperanzabelgium@gmail.com<\/a><\/p>\n\n\n\n<div class=\"wp-block-uagb-advanced-heading uagb-block-4851cb58\"><h2 class=\"uagb-heading-text\">Verkooppunten<\/h2><\/div>\n\n\n\n<div style=\"height:20px\" aria-hidden=\"true\" class=\"wp-block-spacer\"><\/div>\n\n\n\n<div class=\"wp-block-uagb-image aligncenter uagb-block-b79fb69a wp-block-uagb-image--layout-default wp-block-uagb-image--effect-static wp-block-uagb-image--align-center\"><figure class=\"wp-block-uagb-image__figure\"><a class=\"\" href=\"https:\/\/cosy4u.be\/\" target=\"\" rel=\"noopener\"><img decoding=\"async\" srcset=\"https:\/\/nathalia-esperanza.art\/wp-content\/uploads\/2025\/02\/468563971_122113846214593519_5550546772030150471_n-1-1024x1024.jpg ,https:\/\/nathalia-esperanza.art\/wp-content\/uploads\/2025\/02\/468563971_122113846214593519_5550546772030150471_n-1.jpg 780w, https:\/\/nathalia-esperanza.art\/wp-content\/uploads\/2025\/02\/468563971_122113846214593519_5550546772030150471_n-1.jpg 360w\" sizes=\"auto, (max-width: 480px) 150px\" src=\"https:\/\/nathalia-esperanza.art\/wp-content\/uploads\/2025\/02\/468563971_122113846214593519_5550546772030150471_n-1-1024x1024.jpg\" alt=\"\" class=\"uag-image-726\" width=\"700\" height=\"2048\" title=\"468563971_122113846214593519_5550546772030150471_n\" loading=\"lazy\" role=\"img\"\/><\/a><\/figure><\/div>\n\n\n\n<h2 class=\"wp-block-heading has-text-align-center has-white-color has-text-color has-x-large-font-size\" style=\"padding-top:var(--wp--preset--spacing--50);padding-bottom:var(--wp--preset--spacing--50)\">Expo&#8217;s<\/h2>\n\n\n\n<div class=\"wp-block-uagb-image uagb-block-b86ac265 wp-block-uagb-image--layout-default wp-block-uagb-image--effect-static wp-block-uagb-image--align-none\"><figure class=\"wp-block-uagb-image__figure\"><a class=\"\" href=\"https:\/\/www.hasselt.be\/nl\/kunstennacht\" target=\"\" rel=\"noopener\"><img decoding=\"async\" srcset=\"https:\/\/nathalia-esperanza.art\/wp-content\/uploads\/2025\/03\/kunstennacht-1024x538.jpg ,https:\/\/nathalia-esperanza.art\/wp-content\/uploads\/2025\/03\/kunstennacht.jpg 780w, https:\/\/nathalia-esperanza.art\/wp-content\/uploads\/2025\/03\/kunstennacht.jpg 360w\" sizes=\"auto, (max-width: 480px) 150px\" src=\"https:\/\/nathalia-esperanza.art\/wp-content\/uploads\/2025\/03\/kunstennacht-1024x538.jpg\" alt=\"\" class=\"uag-image-764\" width=\"700\" height=\"1075\" title=\"kunstennacht\" loading=\"lazy\" role=\"img\"\/><\/a><\/figure><\/div>\n\n\n\n<div style=\"height:20px\" aria-hidden=\"true\" class=\"wp-block-spacer\"><\/div>\n\n\n\n<div class=\"wp-block-uagb-image uagb-block-6b7d2263 wp-block-uagb-image--layout-default wp-block-uagb-image--effect-static wp-block-uagb-image--align-none\"><figure class=\"wp-block-uagb-image__figure\"><img decoding=\"async\" srcset=\"https:\/\/nathalia-esperanza.art\/wp-content\/uploads\/2025\/03\/Burnt-but-not-Broken-11de-editie.jpg ,https:\/\/nathalia-esperanza.art\/wp-content\/uploads\/2025\/03\/Burnt-but-not-Broken-11de-editie.jpg 780w, https:\/\/nathalia-esperanza.art\/wp-content\/uploads\/2025\/03\/Burnt-but-not-Broken-11de-editie.jpg 360w\" sizes=\"auto, (max-width: 480px) 150px\" src=\"https:\/\/nathalia-esperanza.art\/wp-content\/uploads\/2025\/03\/Burnt-but-not-Broken-11de-editie.jpg\" alt=\"\" class=\"uag-image-756\" width=\"700\" height=\"700\" title=\"Burnt, but not Broken 11de editie\" loading=\"lazy\" role=\"img\"\/><\/figure><\/div>\n\n\n\n<div style=\"height:20px\" aria-hidden=\"true\" class=\"wp-block-spacer\"><\/div>\n\n\n\n<div class=\"wp-block-uagb-image aligncenter uagb-block-24a87087 wp-block-uagb-image--layout-default wp-block-uagb-image--effect-static wp-block-uagb-image--align-center\"><figure class=\"wp-block-uagb-image__figure\"><a class=\"\" href=\"https:\/\/twosomegallery.be\/\" target=\"\" rel=\"noopener\"><img decoding=\"async\" srcset=\"https:\/\/nathalia-esperanza.art\/wp-content\/uploads\/2024\/06\/1000007263-1-1024x461.jpg ,https:\/\/nathalia-esperanza.art\/wp-content\/uploads\/2024\/06\/1000007263-1.jpg 780w, https:\/\/nathalia-esperanza.art\/wp-content\/uploads\/2024\/06\/1000007263-1.jpg 360w\" sizes=\"auto, (max-width: 480px) 150px\" src=\"https:\/\/nathalia-esperanza.art\/wp-content\/uploads\/2024\/06\/1000007263-1-1024x461.jpg\" alt=\"\" class=\"uag-image-685\" width=\"700\" height=\"461\" title=\"1000007263-1\" loading=\"lazy\" role=\"img\"\/><\/a><\/figure><\/div>\n\n\n\n<p><\/p>","protected":false},"excerpt":{"rendered":"<p>Wilt u graag \u00e9\u00e9n van mijn werken kopen?Kom dan gerust naar \u00e9\u00e9n van de Verkooppunten of Expo&#8217;s. Stuur voor een afspraak een email naar : nathaliaesperanzabelgium@gmail.com Verkooppunten Expo&#8217;s<\/p>","protected":false},"author":1,"featured_media":0,"parent":0,"menu_order":0,"comment_status":"closed","ping_status":"closed","template":"","meta":{"_uag_custom_page_level_css":"","site-sidebar-layout":"default","site-content-layout":"","ast-site-content-layout":"default","site-content-style":"default","site-sidebar-style":"default","ast-global-header-display":"","ast-banner-title-visibility":"","ast-main-header-display":"","ast-hfb-above-header-display":"","ast-hfb-below-header-display":"","ast-hfb-mobile-header-display":"","site-post-title":"disabled","ast-breadcrumbs-content":"","ast-featured-img":"","footer-sml-layout":"","theme-transparent-header-meta":"","adv-header-id-meta":"","stick-header-meta":"","header-above-stick-meta":"","header-main-stick-meta":"","header-below-stick-meta":"","astra-migrate-meta-layouts":"set","ast-page-background-enabled":"default","ast-page-background-meta":{"desktop":{"background-color":"var(--ast-global-color-4)","background-image":"","background-repeat":"repeat","background-position":"center center","background-size":"auto","background-attachment":"scroll","background-type":"","background-media":"","overlay-type":"","overlay-color":"","overlay-gradient":""},"tablet":{"background-color":"","background-image":"","background-repeat":"repeat","background-position":"center center","background-size":"auto","background-attachment":"scroll","background-type":"","background-media":"","overlay-type":"","overlay-color":"","overlay-gradient":""},"mobile":{"background-color":"","background-image":"","background-repeat":"repeat","background-position":"center center","background-size":"auto","background-attachment":"scroll","background-type":"","background-media":"","overlay-type":"","overlay-color":"","overlay-gradient":""}},"ast-content-background-meta":{"desktop":{"background-color":"var(--ast-global-color-5)","background-image":"","background-repeat":"repeat","background-position":"center center","background-size":"auto","background-attachment":"scroll","background-type":"","background-media":"","overlay-type":"","overlay-color":"","overlay-gradient":""},"tablet":{"background-color":"var(--ast-global-color-5)","background-image":"","background-repeat":"repeat","background-position":"center center","background-size":"auto","background-attachment":"scroll","background-type":"","background-media":"","overlay-type":"","overlay-color":"","overlay-gradient":""},"mobile":{"background-color":"var(--ast-global-color-5)","background-image":"","background-repeat":"repeat","background-position":"center center","background-size":"auto","background-attachment":"scroll","background-type":"","background-media":"","overlay-type":"","overlay-color":"","overlay-gradient":""}},"footnotes":""},"class_list":["post-562","page","type-page","status-publish","hentry"],"yoast_head":"<!-- This site is optimized with the Yoast SEO plugin v24.4 - https:\/\/yoast.com\/wordpress\/plugins\/seo\/ -->\n<title>Verkooppunten - Nathalia Esperanza Arte<\/title>\n<meta name=\"robots\" content=\"index, follow, max-snippet:-1, max-image-preview:large, max-video-preview:-1\" \/>\n<link rel=\"canonical\" href=\"https:\/\/nathalia-esperanza.art\/en\/verkooppunten\/\" \/>\n<meta property=\"og:locale\" content=\"en_GB\" \/>\n<meta property=\"og:type\" content=\"article\" \/>\n<meta property=\"og:title\" content=\"Verkooppunten - Nathalia Esperanza Arte\" \/>\n<meta property=\"og:description\" content=\"Wilt u graag \u00e9\u00e9n van mijn werken kopen?Kom dan gerust naar \u00e9\u00e9n van de Verkooppunten of Expo&#8217;s. Stuur voor een afspraak een email naar : nathaliaesperanzabelgium@gmail.com Verkooppunten Expo&#8217;s\" \/>\n<meta property=\"og:url\" content=\"https:\/\/nathalia-esperanza.art\/en\/verkooppunten\/\" \/>\n<meta property=\"og:site_name\" content=\"Nathalia Esperanza Arte\" \/>\n<meta property=\"article:modified_time\" content=\"2025-03-26T22:46:24+00:00\" \/>\n<meta property=\"og:image\" content=\"https:\/\/nathalia-esperanza.art\/wp-content\/uploads\/2025\/02\/468563971_122113846214593519_5550546772030150471_n-1-1024x1024.jpg\" \/>\n<meta name=\"twitter:card\" content=\"summary_large_image\" \/>\n<meta name=\"twitter:label1\" content=\"Estimated reading time\" \/>\n\t<meta name=\"twitter:data1\" content=\"1 minute\" \/>\n<script type=\"application\/ld+json\" class=\"yoast-schema-graph\">{\"@context\":\"https:\/\/schema.org\",\"@graph\":[{\"@type\":\"WebPage\",\"@id\":\"https:\/\/nathalia-esperanza.art\/verkooppunten\/\",\"url\":\"https:\/\/nathalia-esperanza.art\/verkooppunten\/\",\"name\":\"Verkooppunten - Nathalia Esperanza Arte\",\"isPartOf\":{\"@id\":\"https:\/\/nathalia-esperanza.art\/#website\"},\"primaryImageOfPage\":{\"@id\":\"https:\/\/nathalia-esperanza.art\/verkooppunten\/#primaryimage\"},\"image\":{\"@id\":\"https:\/\/nathalia-esperanza.art\/verkooppunten\/#primaryimage\"},\"thumbnailUrl\":\"https:\/\/nathalia-esperanza.art\/wp-content\/uploads\/2025\/02\/468563971_122113846214593519_5550546772030150471_n-1-1024x1024.jpg\",\"datePublished\":\"2023-10-25T11:40:11+00:00\",\"dateModified\":\"2025-03-26T22:46:24+00:00\",\"breadcrumb\":{\"@id\":\"https:\/\/nathalia-esperanza.art\/verkooppunten\/#breadcrumb\"},\"inLanguage\":\"en-GB\",\"potentialAction\":[{\"@type\":\"ReadAction\",\"target\":[\"https:\/\/nathalia-esperanza.art\/verkooppunten\/\"]}]},{\"@type\":\"ImageObject\",\"inLanguage\":\"en-GB\",\"@id\":\"https:\/\/nathalia-esperanza.art\/verkooppunten\/#primaryimage\",\"url\":\"https:\/\/nathalia-esperanza.art\/wp-content\/uploads\/2025\/02\/468563971_122113846214593519_5550546772030150471_n-1-1024x1024.jpg\",\"contentUrl\":\"https:\/\/nathalia-esperanza.art\/wp-content\/uploads\/2025\/02\/468563971_122113846214593519_5550546772030150471_n-1-1024x1024.jpg\"},{\"@type\":\"BreadcrumbList\",\"@id\":\"https:\/\/nathalia-esperanza.art\/verkooppunten\/#breadcrumb\",\"itemListElement\":[{\"@type\":\"ListItem\",\"position\":1,\"name\":\"Home\",\"item\":\"https:\/\/nathalia-esperanza.art\/\"},{\"@type\":\"ListItem\",\"position\":2,\"name\":\"Verkooppunten\"}]},{\"@type\":\"WebSite\",\"@id\":\"https:\/\/nathalia-esperanza.art\/#website\",\"url\":\"https:\/\/nathalia-esperanza.art\/\",\"name\":\"Nathalia Esperanza Arte\",\"description\":\"\",\"potentialAction\":[{\"@type\":\"SearchAction\",\"target\":{\"@type\":\"EntryPoint\",\"urlTemplate\":\"https:\/\/nathalia-esperanza.art\/?s={search_term_string}\"},\"query-input\":{\"@type\":\"PropertyValueSpecification\",\"valueRequired\":true,\"valueName\":\"search_term_string\"}}],\"inLanguage\":\"en-GB\"}]}<\/script>\n<!-- \/ Yoast SEO plugin. -->","yoast_head_json":{"title":"Verkooppunten - Nathalia Esperanza Arte","robots":{"index":"index","follow":"follow","max-snippet":"max-snippet:-1","max-image-preview":"max-image-preview:large","max-video-preview":"max-video-preview:-1"},"canonical":"https:\/\/nathalia-esperanza.art\/en\/verkooppunten\/","og_locale":"en_GB","og_type":"article","og_title":"Verkooppunten - Nathalia Esperanza Arte","og_description":"Wilt u graag \u00e9\u00e9n van mijn werken kopen?Kom dan gerust naar \u00e9\u00e9n van de Verkooppunten of Expo&#8217;s. Stuur voor een afspraak een email naar : nathaliaesperanzabelgium@gmail.com Verkooppunten Expo&#8217;s","og_url":"https:\/\/nathalia-esperanza.art\/en\/verkooppunten\/","og_site_name":"Nathalia Esperanza Arte","article_modified_time":"2025-03-26T22:46:24+00:00","og_image":[{"url":"https:\/\/nathalia-esperanza.art\/wp-content\/uploads\/2025\/02\/468563971_122113846214593519_5550546772030150471_n-1-1024x1024.jpg","type":"","width":"","height":""}],"twitter_card":"summary_large_image","twitter_misc":{"Estimated reading time":"1 minute"},"schema":{"@context":"https:\/\/schema.org","@graph":[{"@type":"WebPage","@id":"https:\/\/nathalia-esperanza.art\/verkooppunten\/","url":"https:\/\/nathalia-esperanza.art\/verkooppunten\/","name":"Verkooppunten - Nathalia Esperanza Arte","isPartOf":{"@id":"https:\/\/nathalia-esperanza.art\/#website"},"primaryImageOfPage":{"@id":"https:\/\/nathalia-esperanza.art\/verkooppunten\/#primaryimage"},"image":{"@id":"https:\/\/nathalia-esperanza.art\/verkooppunten\/#primaryimage"},"thumbnailUrl":"https:\/\/nathalia-esperanza.art\/wp-content\/uploads\/2025\/02\/468563971_122113846214593519_5550546772030150471_n-1-1024x1024.jpg","datePublished":"2023-10-25T11:40:11+00:00","dateModified":"2025-03-26T22:46:24+00:00","breadcrumb":{"@id":"https:\/\/nathalia-esperanza.art\/verkooppunten\/#breadcrumb"},"inLanguage":"en-GB","potentialAction":[{"@type":"ReadAction","target":["https:\/\/nathalia-esperanza.art\/verkooppunten\/"]}]},{"@type":"ImageObject","inLanguage":"en-GB","@id":"https:\/\/nathalia-esperanza.art\/verkooppunten\/#primaryimage","url":"https:\/\/nathalia-esperanza.art\/wp-content\/uploads\/2025\/02\/468563971_122113846214593519_5550546772030150471_n-1-1024x1024.jpg","contentUrl":"https:\/\/nathalia-esperanza.art\/wp-content\/uploads\/2025\/02\/468563971_122113846214593519_5550546772030150471_n-1-1024x1024.jpg"},{"@type":"BreadcrumbList","@id":"https:\/\/nathalia-esperanza.art\/verkooppunten\/#breadcrumb","itemListElement":[{"@type":"ListItem","position":1,"name":"Home","item":"https:\/\/nathalia-esperanza.art\/"},{"@type":"ListItem","position":2,"name":"Verkooppunten"}]},{"@type":"WebSite","@id":"https:\/\/nathalia-esperanza.art\/#website","url":"https:\/\/nathalia-esperanza.art\/","name":"Nathalia Esperanza Arte","description":"","potentialAction":[{"@type":"SearchAction","target":{"@type":"EntryPoint","urlTemplate":"https:\/\/nathalia-esperanza.art\/?s={search_term_string}"},"query-input":{"@type":"PropertyValueSpecification","valueRequired":true,"valueName":"search_term_string"}}],"inLanguage":"en-GB"}]}},"uagb_featured_image_src":{"full":false,"thumbnail":false,"medium":false,"medium_large":false,"large":false,"1536x1536":false,"2048x2048":false,"trp-custom-language-flag":false},"uagb_author_info":{"display_name":"senna","author_link":"https:\/\/nathalia-esperanza.art\/en\/author\/sennafoxy"},"uagb_comment_info":0,"uagb_excerpt":"Wilt u graag \u00e9\u00e9n van mijn werken kopen?Kom dan gerust naar \u00e9\u00e9n van de Verkooppunten of Expo&#8217;s. Stuur voor een afspraak een email naar : nathaliaesperanzabelgium@gmail.com Verkooppunten Expo&#8217;s","_links":{"self":[{"href":"https:\/\/nathalia-esperanza.art\/en\/wp-json\/wp\/v2\/pages\/562","targetHints":{"allow":["GET"]}}],"collection":[{"href":"https:\/\/nathalia-esperanza.art\/en\/wp-json\/wp\/v2\/pages"}],"about":[{"href":"https:\/\/nathalia-esperanza.art\/en\/wp-json\/wp\/v2\/types\/page"}],"author":[{"embeddable":true,"href":"https:\/\/nathalia-esperanza.art\/en\/wp-json\/wp\/v2\/users\/1"}],"replies":[{"embeddable":true,"href":"https:\/\/nathalia-esperanza.art\/en\/wp-json\/wp\/v2\/comments?post=562"}],"version-history":[{"count":5,"href":"https:\/\/nathalia-esperanza.art\/en\/wp-json\/wp\/v2\/pages\/562\/revisions"}],"predecessor-version":[{"id":766,"href":"https:\/\/nathalia-esperanza.art\/en\/wp-json\/wp\/v2\/pages\/562\/revisions\/766"}],"wp:attachment":[{"href":"https:\/\/nathalia-esperanza.art\/en\/wp-json\/wp\/v2\/media?parent=562"}],"curies":[{"name":"wp","href":"https:\/\/api.w.org\/{rel}","templated":true}]}}